{"id":6,"date":"2024-10-10T22:35:23","date_gmt":"2024-10-10T20:35:23","guid":{"rendered":"https:\/\/machilus-cheung-bassoon.4lima.de\/?page_id=6"},"modified":"2025-06-25T15:08:46","modified_gmt":"2025-06-25T13:08:46","slug":"biography","status":"publish","type":"page","link":"https:\/\/www.maggie-cheung.com\/de\/biography","title":{"rendered":"Biografie"},"content":{"rendered":"<p>Born in Hong Kong, Ching-Nam Cheung began studying bassoon at the age of fourteen. After graduating from the Hong Kong Baptist University with a bachelor degree, she studied at Hong Kong Academy of Performing Arts with Mr. Joseph Chin, Principal Bassoonist of Hong Kong Sinfonietta. Then she studied at the Hochschule f\u00fcr Musik und Theater \u201cFelix Mendelssohn Bartholdy\u201d Leipzig with Professor J\u00f6rg Michael Thom\u00e9, former Principal Bassoonist of Staatstheater Darmstadt and Deutschen Staatsphilharmonie Rhienland-Pfalz, for a master degree. She also had Contrabassoon lessons with Mr. Eckhard Kupke, Solo-Contrabassoonist of Gewandhaus Orchestra Leipzig. Then she studied in Hochschule f\u00fcr Musik und Theater Rostock with Mr. Stephan von Hoff, Bassoonist of Norddeutschen Philharmonie Rsotock. in 2024, she Graduated from Staatliche Hochschule f\u00fcr Musik Trossingen with Professor Fredrik Ekdahl, Principal Bassoonist of Royal Stockholm Philharmonic Orchestra. During her studies, she also took lessons with Mr. Gernot Friedrich, Contrabassoonist of Bayreuther Festspielorchester.<\/p>\n\n\n\n<p>Als Solistin trat sie h\u00e4ufig an verschiedenen Orten auf, darunter Hongkong, Leipzig, Rostock, Trossingen und Brescia. Sie nahm an vielen Meisterkursen teil und studierte bei Prof. Malte Refardt, Prof. Ulrich Hermann, Prof. Tobias Pelkner, Prof. Christian Kunert, Prof. Sergio Azzolini, Prof. Carlo Columbo und Prof. Simon van Holen. Sie ist Teilnehmerin der Aeolus International Competition for Wind Instruments 2021, der Spisak International Music Competition 2021 und der Rossini Competition 2023. Sie gewann den ersten Preis bei der Medici International Music Competition 2021 und bei der International Moscow Music Competition 2021 sowie den zweiten Preis beim Concours de Jeunes Musiciens de Talent. \u201eNouvelles \u00c9toiles\u201c 2021 und King's Peak International Music Competition 2021, Dritter Preis bei der International Music Competition Opus 2021.<\/p>\n\n\n\n<p>Cheung spielt auch gerne Kammermusik. Gemeinsam mit Carol Chan, Hugo Lau, Phoebe Kam und Wilson Chau gr\u00fcndete sie 2015 die Hong Kong Modern Winds. Das Holzbl\u00e4serquintett nahm am Modern Academy Program teil und f\u00fchrte im Sommer 2015 Hindemiths Kleine Kammermusik, Ligetis Sechs Bagatellen und Strawinskys Oktett auf. Im Jahr 2019 fand ein Kammerkonzert mit den Mitgliedern von Hong Kong Modern Winds zusammen mit Max Chan statt. Im Jahr 2021 spielte sie ein Kammermusikkonzert mit Akademiemitgliedern der Jan\u00e1\u010dek Philharmonie Ostrava. Die Akademiemitglieder spielten ein anspruchsvolles Programm, das Gabayes Sonatine f\u00fcr Fl\u00f6te und Fagott, Iberts Trois Pieces br\u00e8ves, Zelimskys Humoresque und Hindemiths Kammermusik Nr. 1. umfasste.<\/p>\n\n\n\n<p>Als Orchestermusikerin war sie Solofagottistin des Collegium Musicum Hong Kong, des Hong Kong Baptist University Symphony Orchestra und des Hong Kong Wind Symphony. Im Jahr 2015 nahm Cheung am Share the Stage-Programm des Jockey Club Keys to Music Education-Programms teil und spielte Ravels La Valse mit dem Hong Kong Philharmonic Orchestra. Im Oktober 2018 war sie Solofagottistin des Hochschule-Sinfonieorchesters Leipzig. 2019 war sie Solofagottistin des Jungen Philharonischen Orchesters Niedersachsen. Sie ist freiberuflich in mehreren Orchestern t\u00e4tig, darunter der Neuen Philharmonie Berlin und dem Collegium Musicum Werdau. 2020 erhielt sie eine Stelle beim Asian Youth Orchestra. Im Juni 2021 trat sie auf Als Solofagottistin bei der Deutsch-Skandinavischen Jugend-Philharmonie in der Berliner Philharmonie stand Strawinskys Feuervogel-Suite auf dem Programm. Ab August 2021 ist sie Mitglied der Akademie der Jan\u00e1\u010dek Philharmonie Ostrava. Mit der Jan\u00e1\u010dek Philharmonie Ostrava hat sie viele anspruchsvolle Repertoires gespielt, darunter Berlioz\u2018 Sinfonie Fantastique.Mit diesen Orchestern trat Cheung an verschiedenen Orten auf, darunter Leipzig, Hannover, Berlin, Werdau, Rostock, Villingen-Schwenningen, Trossingen, Ostrava, Hradec Kr\u00e1lov\u00e9, New York, Peking, Tianjin, Zhuhai, Taiwan und Hongkong.<\/p>","protected":false},"excerpt":{"rendered":"<p>Born in Hong Kong, Ching-Nam Cheung began studying bassoon at the age of fourteen. After graduating from the Hong Kong Baptist University with a bachelor degree, she studied at Hong Kong Academy of Performing Arts with Mr. Joseph Chin, Principal Bassoonist of Hong Kong Sinfonietta. Then she studied at the Hochschule f\u00fcr Musik und Theater \u201cFelix Mendelssohn Bartholdy\u201d Leipzig with Professor J\u00f6rg Michael Thom\u00e9, former Principal Bassoonist of Staatstheater Darmstadt and Deutschen Staatsphilharmonie Rhienland-Pfalz, for &hellip; <\/p>","protected":false},"author":1,"featured_media":0,"parent":0,"menu_order":0,"comment_status":"closed","ping_status":"closed","template":"","meta":{"pgc_sgb_lightbox_settings":"","footnotes":""},"class_list":["post-6","page","type-page","status-publish","hentry"],"_links":{"self":[{"href":"https:\/\/www.maggie-cheung.com\/de\/wp-json\/wp\/v2\/pages\/6","targetHints":{"allow":["GET"]}}],"collection":[{"href":"https:\/\/www.maggie-cheung.com\/de\/wp-json\/wp\/v2\/pages"}],"about":[{"href":"https:\/\/www.maggie-cheung.com\/de\/wp-json\/wp\/v2\/types\/page"}],"author":[{"embeddable":true,"href":"https:\/\/www.maggie-cheung.com\/de\/wp-json\/wp\/v2\/users\/1"}],"replies":[{"embeddable":true,"href":"https:\/\/www.maggie-cheung.com\/de\/wp-json\/wp\/v2\/comments?post=6"}],"version-history":[{"count":10,"href":"https:\/\/www.maggie-cheung.com\/de\/wp-json\/wp\/v2\/pages\/6\/revisions"}],"predecessor-version":[{"id":1264,"href":"https:\/\/www.maggie-cheung.com\/de\/wp-json\/wp\/v2\/pages\/6\/revisions\/1264"}],"wp:attachment":[{"href":"https:\/\/www.maggie-cheung.com\/de\/wp-json\/wp\/v2\/media?parent=6"}],"curies":[{"name":"wp","href":"https:\/\/api.w.org\/{rel}","templated":true}]}}