{"id":303,"date":"2024-10-11T12:14:09","date_gmt":"2024-10-11T10:14:09","guid":{"rendered":"https:\/\/machilus-cheung-bassoon.4lima.de\/?page_id=303"},"modified":"2024-10-12T04:15:00","modified_gmt":"2024-10-12T02:15:00","slug":"contact","status":"publish","type":"page","link":"https:\/\/www.maggie-cheung.com\/de\/contact","title":{"rendered":"Kontakt"},"content":{"rendered":"<link rel=\"stylesheet\" property=\"stylesheet\" href=\"https:\/\/www.maggie-cheung.com\/wp-content\/plugins\/happyforms\/bundles\/css\/frontend.css\" \/>\n\t\t\t\t<!-- HappyForms CSS variables -->\n\t<style>\n\t#happyforms-328 {\n\t\t--happyforms-part-title-font-size: 16px;\n--happyforms-part-description-font-size: 12px;\n--happyforms-part-value-font-size: 16px;\n--happyforms-submit-button-font-size: 16px;\n--happyforms-color-primary: #0a0a0a;\n--happyforms-color-success-notice: #ebf9f0;\n--happyforms-color-success-notice-text: #1eb452;\n--happyforms-color-error: #f23000;\n--happyforms-color-error-notice: #ffeeea;\n--happyforms-color-error-notice-text: #f23000;\n--happyforms-color-part-title: #ffffff;\n--happyforms-color-part-value: #000000;\n--happyforms-color-part-placeholder: #888888;\n--happyforms-color-part-description: #454545;\n--happyforms-color-part-border: #dbdbdb;\n--happyforms-color-part-border-focus: #7aa4ff;\n--happyforms-color-part-background: #ffffff;\n--happyforms-color-part-background-focus: #ffffff;\n--happyforms-color-submit-background: #77a7d8;\n--happyforms-color-submit-background-hover: #81d742;\n--happyforms-color-submit-border: #ffffff;\n--happyforms-color-submit-text: #ffffff;\n--happyforms-color-submit-text-hover: Die in Hongkong geborene Ching-Nam Cheung begann im Alter von vierzehn Jahren mit dem Fagottunterricht. Nach ihrem Bachelor-Abschluss an der Hong Kong Baptist University studierte sie an der Hong Kong Academy of Performing Arts bei Herrn Joseph Chin, Solofagottist der Hong Kong Sinfonietta. Anschlie\u00dfend studierte sie an der Hochschule f\u00fcr Musik und Theater \u201eFelix Mendelssohn Bartholdy\u201c Leipzig bei Professor J\u00f6rg Michael Thom\u00e9, ehemaliger Solofagottist des Staatstheaters Darmstadt und der Deutschen Staatsphilharmonie Rhienland-Pfalz, im Masterstudium. Sie hatte auch Kontrafagottunterricht bei Herrn Eckhard Kupke, Solo-Kontrafagottist des Gewandhausorchesters Leipzig. Anschlie\u00dfend studierte sie an der Hochschule f\u00fcr Musik und Theater Rostock bei Herrn Stephan von Hoff, Fagottist der Norddeutschen Philharmonie Rostock. Derzeit studiert sie an der Staatlichen Hochschule f\u00fcr Musik Trossingen bei Professor Fredrik Ekdahl, Solofagottist des Royal Stockholm Philharmonic Orchestra. Sie nimmt auch Unterricht bei Herrn Gernot Friedrich, Kontrafagottist des Bayreuther Festspielorchesters. Als Solistin trat sie h\u00e4ufig an verschiedenen Orten auf, darunter Hongkong, Leipzig, Rostock, Trossingen und Brescia. Sie nahm an vielen Meisterkursen teil und studierte bei Prof. Malte Refardt, Prof. Ulrich Hermann, Prof. Tobias Pelkner, Prof. Christian Kunert, Prof. Sergio Azzolini, Prof. Carlo Columbo und Prof. Simon van Holen. Sie ist Teilnehmerin des Aeolus International Competition for Blasinstruments 2021, des Spisak International Music Competition 2021 und des Rossini Competition 2023. Sie gewann den ersten Preis beim Medici International Music Competition 2021 und beim International Moscow Music Competition 2021 sowie den zweiten Preis beim Concours de Jeunes Musiciens de Talent. \u201eNouvelles \u00c9toiles\u201c 2021 und King's Peak International Music Competition 2021, Dritter Preis beim International Music Competition Opus 2021. Cheung spielt auch gern Kammermusik. Gemeinsam mit Carol Chan, Hugo Lau, Phoebe Kam und Wilson Chau gr\u00fcndete sie 2015 die Hong Kong Modern Winds. Das Holzbl\u00e4serquintett nahm am Modern Academy Program teil und f\u00fchrte im Sommer 2015 Hindemiths Kleine Kammermusik, Ligetis Sechs Bagatellen und Strawinskys Oktett auf. Im Jahr 2019 fand ein Kammerkonzert mit den Mitgliedern von Hong Kong Modern Winds zusammen mit Max Chan statt. Im Jahr 2021 spielte sie ein Kammermusikkonzert mit Akademiemitgliedern der Jan\u00e1\u010dek Philharmonie Ostrava. Die Akademiemitglieder spielten ein anspruchsvolles Programm, das Gabayes Sonatine umfasste. f\u00fcr Fl\u00f6te und Fagott, Iberts Trois Pieces br\u00e8ves, Zelimskys Humoresque und Hindemiths Kammermusik Nr. 1. Als Orchestermusikerin war sie Solofagottistin des Collegium Musicum Hong Kong, des Hong Kong Baptist University Symphony Orchestra und des Hong Kong Wind Symphony. Im Jahr 2015 nahm Cheung am Share the Stage-Programm des Jockey Club Keys to Music Education-Programms teil und spielte Ravels La Valse mit dem Hong Kong Philharmonic Orchestra. Im Oktober 2018 war sie Solofagottistin des Hochschule-Sinfonieorchesters Leipzig. 2019 war sie Solofagottistin des Jungen Philharonischen Orchesters Niedersachsen. Sie ist freiberuflich in mehreren Orchestern t\u00e4tig, darunter der Neuen Philharmonie Berlin und dem Collegium Musicum Werdau. 2020 erhielt sie eine Stelle beim Asian Youth Orchestra. Im Juni 2021 trat sie auf Als Solofagottistin bei der Deutsch-Skandinavischen Jugend-Philharmonie in der Berliner Philharmonie stand Strawinskys Feuervogel-Suite auf dem Programm. Ab August 2021 ist sie Mitglied der Akademie der Jan\u00e1\u010dek Philharmonie Ostrava. Mit der Jan\u00e1\u010dek Philharmonie Ostrava hat sie viele anspruchsvolle Repertoires gespielt, darunter Berlioz\u2018 Sinfonie Fantastique.Mit diesen Orchestern trat Cheung an verschiedenen Orten auf, darunter Leipzig, Hannover, Berlin, Werdau, Rostock, Villingen-Schwenningen, Trossingen, Ostrava, Hradec Kr\u00e1lov\u00e9, New York, Peking, Tianjin, Zhuhai, Taiwan und Hongkong. F\u00fcr weitere Informationen wenden Sie sich bitte an: machiluscheung@gmail.com;\n--happyforms-color-table-row-odd: #fcfcfc;\n--happyforms-color-table-row-even: #efefef;\n--happyforms-color-table-row-odd-text: #000000;\n--happyforms-color-table-row-even-text: #000000;\n--happyforms-color-dropdown-item-bg: #ffffff;\n--happyforms-color-dropdown-item-text: #000000;\n--happyforms-color-dropdown-item-bg-hover: #f4f4f5;\n--happyforms-color-dropdown-item-text-hover: #000000;\n--happyforms-color-divider-hr: #cccccc;\n--happyforms-color-choice-checkmark-bg: #ffffff;\n--happyforms-color-choice-checkmark-bg-focus: #000000;\n--happyforms-color-choice-checkmark-color: #ffffff;\n\t}\n\t<\/style>\n\t<!-- End of HappyForms CSS variables -->\n\t\t<!-- HappyForms Additional CSS -->\n\t<style data-happyforms-additional-css>\n\t\t<\/style>\n\t<!-- End of HappyForms Additional CSS -->\n\t\t\t<link rel=\"stylesheet\" type=\"text\/css\" href=\"https:\/\/www.maggie-cheung.com\/wp-content\/plugins\/happyforms\/core\/assets\/css\/no-interaction.css\">\n\t\t<div class=\"happyforms-form happyforms-styles happyforms-form--part-border-radius-square happyforms-form--submit-button-fullwidth\" id=\"happyforms-328\">\n\t\t\n\t<form action=\"\" id=\"happyforms-form-328\" method=\"post\" novalidate=\"true\" autocomplete=\"off\" data-trp-original-action=\"\">\n\t\t\t\t<input type=\"hidden\" name=\"happyforms_random_seed\" value=\"3699055994\" \/>\n\t\t\n\t\t\t<input type=\"hidden\" name=\"action\" value=\"happyforms_message\">\n\t\t\t\t<input type=\"hidden\" name=\"client_referer\" value=\"\">\n\t\t\t\t<input type=\"hidden\" name=\"current_post_id\" value=\"\">\n\t\t\t\t<input type=\"hidden\" name=\"happyforms_form_id\" value=\"328\" \/>\n\t\t\t\t<input type=\"hidden\" name=\"happyforms_step\" value=\"0\" \/>\n\t\n\t\t<div class=\"happyforms-flex\">\n\t\t\t\t<label for=\"328-single_line_text\" class=\"screen-reader-text\">Lass dieses Feld leer<\/label>\n\t<input type=\"text\" id=\"328-single_line_text\" name=\"328-single_line_text\" style=\"display: none;\" tabindex=\"-1\" autocomplete=\"off\" aria-hidden=\"true\">\n\t\t\t\t\t\t\t\t\t\t<div class=\"happyforms-form__part happyforms-part happyforms-part--single_line_text happyforms-part--width-third happyforms-part--label-show\" id=\"happyforms-328_single_line_text_2-part\" data-happyforms-type=\"single_line_text\" data-happyforms-id=\"single_line_text_2\" data-happyforms-required=\"\">\n\t<div class=\"happyforms-part-wrap\">\n\t\t\n\t\t\t\t\t\t<div class=\"happyforms-part__label-container\">\n\t\t\t\t<label for=\"happyforms-328_single_line_text_2\" class=\"happyforms-part__label\">\n\t\t\t<span class=\"label\">Name<\/span>\n\t\t\t\t\t\t\t\t\t\t<span class=\"happyforms-required\"><\/span>\n\t\t\t\t\t\t\t\t\t\t<span class=\"happyforms-optional\">(optional)<\/span>\n\t\t\t\t\t<\/label>\n\t\t\t<\/div>\n\t\t\t\n\t\t\n\t\t<div class=\"happyforms-part__el\">\n\t\t\t\n\t\t\t\n\t\t\t<div class=\"happyforms-input\">\n\t\t\t\t\n\t\t\t\t<input id=\"happyforms-328_single_line_text_2\" type=\"text\" name=\"328_single_line_text_2\" value=\"\" placeholder=\"\" autocomplete=\"off\" spellcheck=\"false\"  autocorrect=\"off\" \/>\n\t\t\t\t\t\t\t<\/div>\n\n\t\t\t\n\t\t\t\n\t\t\t\t\t<\/div>\n\t<\/div>\n<\/div>\n<div class=\"happyforms-part--with-autocomplete happyforms-form__part happyforms-part happyforms-part--email happyforms-part--width-third happyforms-part--label-show\" id=\"happyforms-328_email_1-part\" data-happyforms-type=\"email\" data-happyforms-id=\"email_1\" data-happyforms-required=\"\">\n\t\t<div class=\"happyforms-part-wrap\">\n\t\t\t\t\t\t<div class=\"happyforms-part__label-container\">\n\t\t\t\t<label for=\"happyforms-328_email_1\" class=\"happyforms-part__label\">\n\t\t\t<span class=\"label\">E-Mail<\/span>\n\t\t\t\t\t\t\t\t\t\t<span class=\"happyforms-required\"><\/span>\n\t\t\t\t\t\t\t\t\t\t<span class=\"happyforms-optional\">(optional)<\/span>\n\t\t\t\t\t<\/label>\n\t\t\t<\/div>\n\t\t\t\n\t\t\n\t\t<div class=\"happyforms-part__el\">\n\t\t\t\n\t\t\t\n\t\t\t<div class=\"happyforms-input\">\n\t\t\t\t<input type=\"email\" name=\"328_email_1\" id=\"happyforms-328_email_1\" value=\"\" placeholder=\"\" autocomplete=\"off\" spellcheck=\"false\"  autocorrect=\"off\" \/>\n\t\t\t\t\t\t\t<\/div>\n\n\t\t\t\n\t\t\t\n\t\t\t\t\t<\/div>\n\t<\/div>\n<\/div>\n<div class=\"happyforms-form__part happyforms-part happyforms-part--single_line_text happyforms-part--width-third happyforms-part--label-show\" id=\"happyforms-328_single_line_text_4-part\" data-happyforms-type=\"single_line_text\" data-happyforms-id=\"single_line_text_4\">\n\t<div class=\"happyforms-part-wrap\">\n\t\t\n\t\t\t\t\t\t<div class=\"happyforms-part__label-container\">\n\t\t\t\t<label for=\"happyforms-328_single_line_text_4\" class=\"happyforms-part__label\">\n\t\t\t<span class=\"label\">Telefonnummer<\/span>\n\t\t\t\t\t\t\t\t\t\t<span class=\"happyforms-required\"><\/span>\n\t\t\t\t\t\t\t\t\t\t<span class=\"happyforms-optional\">(optional)<\/span>\n\t\t\t\t\t<\/label>\n\t\t\t<\/div>\n\t\t\t\n\t\t\n\t\t<div class=\"happyforms-part__el\">\n\t\t\t\n\t\t\t\n\t\t\t<div class=\"happyforms-input\">\n\t\t\t\t\n\t\t\t\t<input id=\"happyforms-328_single_line_text_4\" type=\"text\" name=\"328_single_line_text_4\" value=\"\" placeholder=\"\" autocomplete=\"off\" spellcheck=\"false\"  autocorrect=\"off\" \/>\n\t\t\t\t\t\t\t<\/div>\n\n\t\t\t\n\t\t\t\n\t\t\t\t\t<\/div>\n\t<\/div>\n<\/div>\n<div class=\"happyforms-form__part happyforms-part happyforms-part--multi_line_text happyforms-part--width-full happyforms-part--label-show\" id=\"happyforms-328_multi_line_text_3-part\" data-happyforms-type=\"multi_line_text\" data-happyforms-id=\"multi_line_text_3\" data-happyforms-required=\"\">\n\t<div class=\"happyforms-part-wrap\">\n\t\t\t\t\t\t<div class=\"happyforms-part__label-container\">\n\t\t\t\t<label for=\"happyforms-328_multi_line_text_3\" class=\"happyforms-part__label\">\n\t\t\t<span class=\"label\">Ihre Nachricht:<\/span>\n\t\t\t\t\t\t\t\t\t\t<span class=\"happyforms-required\"><\/span>\n\t\t\t\t\t\t\t\t\t\t<span class=\"happyforms-optional\">(optional)<\/span>\n\t\t\t\t\t<\/label>\n\t\t\t<\/div>\n\t\t\t\n\t\t\n\t\t<div class=\"happyforms-part__el\">\n\t\t\t\n\t\t\t\t\t\t<textarea id=\"happyforms-328_multi_line_text_3\" name=\"328_multi_line_text_3\" rows=\"5\" placeholder=\"\" autocomplete=\"off\" spellcheck=\"false\" autocorrect=\"off\" ><\/textarea>\n\t\t\t\n\t\t\t\n\t\t\t\t\t<\/div>\n\t<\/div>\n<\/div>\n\t\t\t\t\t\t<div class=\"happyforms-form__part happyforms-part happyforms-part--submit\">\n\t\t<button type=\"submit\" class=\"happyforms-submit happyforms-button--submit\">Absenden<\/button>\n\t<\/div>\t\t<\/div>\n\n\t\t\t<input type=\"hidden\" name=\"trp-form-language\" value=\"de\"\/><\/form>\n\n\t<\/div>","protected":false},"excerpt":{"rendered":"","protected":false},"author":1,"featured_media":0,"parent":0,"menu_order":0,"comment_status":"closed","ping_status":"closed","template":"","meta":{"pgc_sgb_lightbox_settings":"","footnotes":""},"class_list":["post-303","page","type-page","status-publish","hentry"],"_links":{"self":[{"href":"https:\/\/www.maggie-cheung.com\/de\/wp-json\/wp\/v2\/pages\/303","targetHints":{"allow":["GET"]}}],"collection":[{"href":"https:\/\/www.maggie-cheung.com\/de\/wp-json\/wp\/v2\/pages"}],"about":[{"href":"https:\/\/www.maggie-cheung.com\/de\/wp-json\/wp\/v2\/types\/page"}],"author":[{"embeddable":true,"href":"https:\/\/www.maggie-cheung.com\/de\/wp-json\/wp\/v2\/users\/1"}],"replies":[{"embeddable":true,"href":"https:\/\/www.maggie-cheung.com\/de\/wp-json\/wp\/v2\/comments?post=303"}],"version-history":[{"count":4,"href":"https:\/\/www.maggie-cheung.com\/de\/wp-json\/wp\/v2\/pages\/303\/revisions"}],"predecessor-version":[{"id":604,"href":"https:\/\/www.maggie-cheung.com\/de\/wp-json\/wp\/v2\/pages\/303\/revisions\/604"}],"wp:attachment":[{"href":"https:\/\/www.maggie-cheung.com\/de\/wp-json\/wp\/v2\/media?parent=303"}],"curies":[{"name":"wp","href":"https:\/\/api.w.org\/{rel}","templated":true}]}}